{"id":1324,"date":"2022-02-17T13:00:50","date_gmt":"2022-02-17T13:00:50","guid":{"rendered":"https:\/\/intercomverlag.ch\/product\/robert-leucht-der-ingenieur-grammatik-eines-hoffnungstragers-mono-01\/"},"modified":"2026-04-13T12:11:52","modified_gmt":"2026-04-13T12:11:52","slug":"robert-leucht-der-ingenieur-grammatik-eines-hoffnungstragers-mono-01","status":"publish","type":"product","link":"https:\/\/intercomverlag.ch\/en\/product\/robert-leucht-der-ingenieur-grammatik-eines-hoffnungstragers-mono-01\/","title":{"rendered":"Robert Leucht: Der Ingenieur. Grammatik eines Hoffnungstr\u00e4gers (Mono 01)"},"content":{"rendered":"","protected":false},"excerpt":{"rendered":"<p>In den Vorstellungswelten der Moderne steht der Ingenieur f\u00fcr die Hoffnung auf eine andere, bessere Welt. Das utopische Potential der Ingenieurfigur in Zeiten gesellschaftlicher Krisen ist der Ausgangspunkt von Robert Leuchts Essay. Anhand von Beispielen aus Literatur, Film und medialer \u00d6ffentlichkeit wird hier die Karriere eines schillernden Hoffnungstr\u00e4gers des 20. und 21. Jahrhunderts rekonstruiert \u2013 zwischen gro\u00dfem Mann und farblosem Funktion\u00e4r, vision\u00e4rem Erfinder und <em>mad scientist<\/em>, dynamischem Unternehmer und Prometheus des digitalen Zeitalters.<\/p>\n","protected":false},"featured_media":0,"template":"","meta":[],"product_cat":[27],"product_tag":[],"acf":[],"yoast_head":"<!-- This site is optimized with the Yoast SEO plugin v21.3 - https:\/\/yoast.com\/wordpress\/plugins\/seo\/ -->\n<title>Robert Leucht: Der Ingenieur. Grammatik eines Hoffnungstr\u00e4gers (Mono 01) - intercomverlag<\/title>\n<meta name=\"robots\" content=\"index, follow, max-snippet:-1, max-image-preview:large, max-video-preview:-1\" \/>\n<link rel=\"canonical\" href=\"https:\/\/intercomverlag.ch\/en\/product\/robert-leucht-der-ingenieur-grammatik-eines-hoffnungstragers-mono-01\/\" \/>\n<meta property=\"og:locale\" content=\"en_US\" \/>\n<meta property=\"og:type\" content=\"article\" \/>\n<meta property=\"og:title\" content=\"Robert Leucht: Der Ingenieur. Grammatik eines Hoffnungstr\u00e4gers (Mono 01) - intercomverlag\" \/>\n<meta property=\"og:description\" content=\"In den Vorstellungswelten der Moderne steht der Ingenieur f\u00fcr die Hoffnung auf eine andere, bessere Welt. Das utopische Potential der Ingenieurfigur in Zeiten gesellschaftlicher Krisen ist der Ausgangspunkt von Robert Leuchts Essay. Anhand von Beispielen aus Literatur, Film und medialer \u00d6ffentlichkeit wird hier die Karriere eines schillernden Hoffnungstr\u00e4gers des 20. und 21. Jahrhunderts rekonstruiert \u2013 zwischen gro\u00dfem Mann und farblosem Funktion\u00e4r, vision\u00e4rem Erfinder und mad scientist, dynamischem Unternehmer und Prometheus des digitalen Zeitalters.\" \/>\n<meta property=\"og:url\" content=\"https:\/\/intercomverlag.ch\/en\/product\/robert-leucht-der-ingenieur-grammatik-eines-hoffnungstragers-mono-01\/\" \/>\n<meta property=\"og:site_name\" content=\"intercomverlag\" \/>\n<meta property=\"article:modified_time\" content=\"2026-04-13T12:11:52+00:00\" \/>\n<meta property=\"og:image\" content=\"https:\/\/intercomverlag.ch\/wordpress\/wp-content\/uploads\/2024\/11\/intercomverlag_1200x675px.jpeg\" \/>\n\t<meta property=\"og:image:width\" content=\"640\" \/>\n\t<meta property=\"og:image:height\" content=\"360\" \/>\n\t<meta property=\"og:image:type\" content=\"image\/jpeg\" \/>\n<meta name=\"twitter:card\" content=\"summary_large_image\" \/>\n<meta name=\"twitter:site\" content=\"@intercomverlag\" \/>\n<script type=\"application\/ld+json\" class=\"yoast-schema-graph\">{\"@context\":\"https:\/\/schema.org\",\"@graph\":[{\"@type\":\"WebPage\",\"@id\":\"https:\/\/intercomverlag.ch\/en\/product\/robert-leucht-der-ingenieur-grammatik-eines-hoffnungstragers-mono-01\/\",\"url\":\"https:\/\/intercomverlag.ch\/en\/product\/robert-leucht-der-ingenieur-grammatik-eines-hoffnungstragers-mono-01\/\",\"name\":\"Robert Leucht: Der Ingenieur. Grammatik eines Hoffnungstr\u00e4gers (Mono 01) - intercomverlag\",\"isPartOf\":{\"@id\":\"https:\/\/intercomverlag.ch\/#website\"},\"datePublished\":\"2022-02-17T13:00:50+00:00\",\"dateModified\":\"2026-04-13T12:11:52+00:00\",\"breadcrumb\":{\"@id\":\"https:\/\/intercomverlag.ch\/en\/product\/robert-leucht-der-ingenieur-grammatik-eines-hoffnungstragers-mono-01\/#breadcrumb\"},\"inLanguage\":\"en-US\",\"potentialAction\":[{\"@type\":\"ReadAction\",\"target\":[\"https:\/\/intercomverlag.ch\/en\/product\/robert-leucht-der-ingenieur-grammatik-eines-hoffnungstragers-mono-01\/\"]}]},{\"@type\":\"BreadcrumbList\",\"@id\":\"https:\/\/intercomverlag.ch\/en\/product\/robert-leucht-der-ingenieur-grammatik-eines-hoffnungstragers-mono-01\/#breadcrumb\",\"itemListElement\":[{\"@type\":\"ListItem\",\"position\":1,\"name\":\"Home\",\"item\":\"https:\/\/intercomverlag.ch\/en\/shop-2\/\"},{\"@type\":\"ListItem\",\"position\":2,\"name\":\"Shop\",\"item\":\"https:\/\/intercomverlag.ch\/en\/shop-2\/\"},{\"@type\":\"ListItem\",\"position\":3,\"name\":\"Robert Leucht: Der Ingenieur. Grammatik eines Hoffnungstr\u00e4gers (Mono 01)\"}]},{\"@type\":\"WebSite\",\"@id\":\"https:\/\/intercomverlag.ch\/#website\",\"url\":\"https:\/\/intercomverlag.ch\/\",\"name\":\"intercomverlag\",\"description\":\"scholar-led publisher\",\"publisher\":{\"@id\":\"https:\/\/intercomverlag.ch\/#organization\"},\"alternateName\":\"intercom\",\"potentialAction\":[{\"@type\":\"SearchAction\",\"target\":{\"@type\":\"EntryPoint\",\"urlTemplate\":\"https:\/\/intercomverlag.ch\/?s={search_term_string}\"},\"query-input\":\"required name=search_term_string\"}],\"inLanguage\":\"en-US\"},{\"@type\":\"Organization\",\"@id\":\"https:\/\/intercomverlag.ch\/#organization\",\"name\":\"intercomverlag\",\"alternateName\":\"intercom\",\"url\":\"https:\/\/intercomverlag.ch\/\",\"logo\":{\"@type\":\"ImageObject\",\"inLanguage\":\"en-US\",\"@id\":\"https:\/\/intercomverlag.ch\/#\/schema\/logo\/image\/\",\"url\":\"https:\/\/intercomverlag.ch\/wordpress\/wp-content\/uploads\/2024\/10\/Seite_2.jpg\",\"contentUrl\":\"https:\/\/intercomverlag.ch\/wordpress\/wp-content\/uploads\/2024\/10\/Seite_2.jpg\",\"width\":1170,\"height\":1654,\"caption\":\"intercomverlag\"},\"image\":{\"@id\":\"https:\/\/intercomverlag.ch\/#\/schema\/logo\/image\/\"},\"sameAs\":[\"https:\/\/twitter.com\/intercomverlag\",\"https:\/\/bsky.app\/profile\/intercomverlag.bsky.social\",\"https:\/\/www.instagram.com\/intercomverlag\/\"]}]}<\/script>\n<!-- \/ Yoast SEO plugin. -->","yoast_head_json":{"title":"Robert Leucht: Der Ingenieur. Grammatik eines Hoffnungstr\u00e4gers (Mono 01) - intercomverlag","robots":{"index":"index","follow":"follow","max-snippet":"max-snippet:-1","max-image-preview":"max-image-preview:large","max-video-preview":"max-video-preview:-1"},"canonical":"https:\/\/intercomverlag.ch\/en\/product\/robert-leucht-der-ingenieur-grammatik-eines-hoffnungstragers-mono-01\/","og_locale":"en_US","og_type":"article","og_title":"Robert Leucht: Der Ingenieur. Grammatik eines Hoffnungstr\u00e4gers (Mono 01) - intercomverlag","og_description":"In den Vorstellungswelten der Moderne steht der Ingenieur f\u00fcr die Hoffnung auf eine andere, bessere Welt. Das utopische Potential der Ingenieurfigur in Zeiten gesellschaftlicher Krisen ist der Ausgangspunkt von Robert Leuchts Essay. Anhand von Beispielen aus Literatur, Film und medialer \u00d6ffentlichkeit wird hier die Karriere eines schillernden Hoffnungstr\u00e4gers des 20. und 21. Jahrhunderts rekonstruiert \u2013 zwischen gro\u00dfem Mann und farblosem Funktion\u00e4r, vision\u00e4rem Erfinder und mad scientist, dynamischem Unternehmer und Prometheus des digitalen Zeitalters.","og_url":"https:\/\/intercomverlag.ch\/en\/product\/robert-leucht-der-ingenieur-grammatik-eines-hoffnungstragers-mono-01\/","og_site_name":"intercomverlag","article_modified_time":"2026-04-13T12:11:52+00:00","og_image":[{"width":640,"height":360,"url":"https:\/\/intercomverlag.ch\/wordpress\/wp-content\/uploads\/2024\/11\/intercomverlag_1200x675px.jpeg","type":"image\/jpeg"}],"twitter_card":"summary_large_image","twitter_site":"@intercomverlag","schema":{"@context":"https:\/\/schema.org","@graph":[{"@type":"WebPage","@id":"https:\/\/intercomverlag.ch\/en\/product\/robert-leucht-der-ingenieur-grammatik-eines-hoffnungstragers-mono-01\/","url":"https:\/\/intercomverlag.ch\/en\/product\/robert-leucht-der-ingenieur-grammatik-eines-hoffnungstragers-mono-01\/","name":"Robert Leucht: Der Ingenieur. Grammatik eines Hoffnungstr\u00e4gers (Mono 01) - intercomverlag","isPartOf":{"@id":"https:\/\/intercomverlag.ch\/#website"},"datePublished":"2022-02-17T13:00:50+00:00","dateModified":"2026-04-13T12:11:52+00:00","breadcrumb":{"@id":"https:\/\/intercomverlag.ch\/en\/product\/robert-leucht-der-ingenieur-grammatik-eines-hoffnungstragers-mono-01\/#breadcrumb"},"inLanguage":"en-US","potentialAction":[{"@type":"ReadAction","target":["https:\/\/intercomverlag.ch\/en\/product\/robert-leucht-der-ingenieur-grammatik-eines-hoffnungstragers-mono-01\/"]}]},{"@type":"BreadcrumbList","@id":"https:\/\/intercomverlag.ch\/en\/product\/robert-leucht-der-ingenieur-grammatik-eines-hoffnungstragers-mono-01\/#breadcrumb","itemListElement":[{"@type":"ListItem","position":1,"name":"Home","item":"https:\/\/intercomverlag.ch\/en\/shop-2\/"},{"@type":"ListItem","position":2,"name":"Shop","item":"https:\/\/intercomverlag.ch\/en\/shop-2\/"},{"@type":"ListItem","position":3,"name":"Robert Leucht: Der Ingenieur. Grammatik eines Hoffnungstr\u00e4gers (Mono 01)"}]},{"@type":"WebSite","@id":"https:\/\/intercomverlag.ch\/#website","url":"https:\/\/intercomverlag.ch\/","name":"intercomverlag","description":"scholar-led publisher","publisher":{"@id":"https:\/\/intercomverlag.ch\/#organization"},"alternateName":"intercom","potentialAction":[{"@type":"SearchAction","target":{"@type":"EntryPoint","urlTemplate":"https:\/\/intercomverlag.ch\/?s={search_term_string}"},"query-input":"required name=search_term_string"}],"inLanguage":"en-US"},{"@type":"Organization","@id":"https:\/\/intercomverlag.ch\/#organization","name":"intercomverlag","alternateName":"intercom","url":"https:\/\/intercomverlag.ch\/","logo":{"@type":"ImageObject","inLanguage":"en-US","@id":"https:\/\/intercomverlag.ch\/#\/schema\/logo\/image\/","url":"https:\/\/intercomverlag.ch\/wordpress\/wp-content\/uploads\/2024\/10\/Seite_2.jpg","contentUrl":"https:\/\/intercomverlag.ch\/wordpress\/wp-content\/uploads\/2024\/10\/Seite_2.jpg","width":1170,"height":1654,"caption":"intercomverlag"},"image":{"@id":"https:\/\/intercomverlag.ch\/#\/schema\/logo\/image\/"},"sameAs":["https:\/\/twitter.com\/intercomverlag","https:\/\/bsky.app\/profile\/intercomverlag.bsky.social","https:\/\/www.instagram.com\/intercomverlag\/"]}]}},"jetpack_sharing_enabled":true,"_links":{"self":[{"href":"https:\/\/intercomverlag.ch\/en\/wp-json\/wp\/v2\/product\/1324"}],"collection":[{"href":"https:\/\/intercomverlag.ch\/en\/wp-json\/wp\/v2\/product"}],"about":[{"href":"https:\/\/intercomverlag.ch\/en\/wp-json\/wp\/v2\/types\/product"}],"wp:attachment":[{"href":"https:\/\/intercomverlag.ch\/en\/wp-json\/wp\/v2\/media?parent=1324"}],"wp:term":[{"taxonomy":"product_cat","embeddable":true,"href":"https:\/\/intercomverlag.ch\/en\/wp-json\/wp\/v2\/product_cat?post=1324"},{"taxonomy":"product_tag","embeddable":true,"href":"https:\/\/intercomverlag.ch\/en\/wp-json\/wp\/v2\/product_tag?post=1324"}],"curies":[{"name":"wp","href":"https:\/\/api.w.org\/{rel}","templated":true}]}}