{"id":1206,"date":"2020-10-01T08:22:08","date_gmt":"2020-10-01T08:22:08","guid":{"rendered":"https:\/\/intercomverlag.ch\/product\/aether-02-archive-des-aktivismus-schweizer-trotzkistinnen-im-kalten-krieg\/"},"modified":"2024-11-05T17:02:30","modified_gmt":"2024-11-05T17:02:30","slug":"aether-02-archive-des-aktivismus-schweizer-trotzkistinnen-im-kalten-krieg","status":"publish","type":"product","link":"https:\/\/intercomverlag.ch\/en\/product\/aether-02-archive-des-aktivismus-schweizer-trotzkistinnen-im-kalten-krieg\/","title":{"rendered":"\u00c6ther 02 \u2013 Archive des Aktivismus: Schweizer Trotzkist*innen im Kalten Krieg"},"content":{"rendered":"","protected":false},"excerpt":{"rendered":"<p>\u00c6ther 02 widmet sich den Nachl\u00e4ssen und Archiven der trotzkistischen Bewegung in der Schweiz w\u00e4hrend des Kalten Kriegs. Diese zeugen von umtriebigen Leben, vom Wirken von Kleinstorganisationen, von Desillusionierung und dem Traum einer besseren Welt; sie erz\u00e4hlen von K\u00fchlschrank-Herstellern, Publizisten und der Bewegung gegen die atomare Aufr\u00fcstung.<\/p>\n","protected":false},"featured_media":0,"template":"","meta":[],"product_cat":[27],"product_tag":[],"acf":[],"yoast_head":"<!-- This site is optimized with the Yoast SEO plugin v21.3 - https:\/\/yoast.com\/wordpress\/plugins\/seo\/ -->\n<title>\u00c6ther 02 \u2013 Archive des Aktivismus: Schweizer Trotzkist*innen im Kalten Krieg - intercomverlag - Nachl\u00e4sse und Archive des Trotzkismus<\/title>\n<meta name=\"description\" content=\"\u00c6ther 02 widmet sich den Nachl\u00e4ssen und Archiven der trotzkistischen Bewegung in der Schweiz w\u00e4hrend des Kalten Kriegs. Diese zeugen von umtriebigen Leben, vom Wirken von Kleinstorganisationen, von Desillusionierung und dem Traum einer besseren Welt; sie erz\u00e4hlen von K\u00fchlschrank-Herstellern, Publizisten und der Bewegung gegen die atomare Aufr\u00fcstung.\" \/>\n<meta name=\"robots\" content=\"index, follow, max-snippet:-1, max-image-preview:large, max-video-preview:-1\" \/>\n<link rel=\"canonical\" href=\"https:\/\/intercomverlag.ch\/en\/product\/aether-02-archive-des-aktivismus-schweizer-trotzkistinnen-im-kalten-krieg\/\" \/>\n<meta property=\"og:locale\" content=\"en_US\" \/>\n<meta property=\"og:type\" content=\"article\" \/>\n<meta property=\"og:title\" content=\"\u00c6ther 02 \u2013 Archive des Aktivismus: Schweizer Trotzkist*innen im Kalten Krieg - intercomverlag - Nachl\u00e4sse und Archive des Trotzkismus\" \/>\n<meta property=\"og:description\" content=\"\u00c6ther 02 widmet sich den Nachl\u00e4ssen und Archiven der trotzkistischen Bewegung in der Schweiz w\u00e4hrend des Kalten Kriegs. Diese zeugen von umtriebigen Leben, vom Wirken von Kleinstorganisationen, von Desillusionierung und dem Traum einer besseren Welt; sie erz\u00e4hlen von K\u00fchlschrank-Herstellern, Publizisten und der Bewegung gegen die atomare Aufr\u00fcstung.\" \/>\n<meta property=\"og:url\" content=\"https:\/\/intercomverlag.ch\/en\/product\/aether-02-archive-des-aktivismus-schweizer-trotzkistinnen-im-kalten-krieg\/\" \/>\n<meta property=\"og:site_name\" content=\"intercomverlag\" \/>\n<meta property=\"article:modified_time\" content=\"2024-11-05T17:02:30+00:00\" \/>\n<meta property=\"og:image\" content=\"http:\/\/intercomverlag.ch\/wordpress\/wp-content\/uploads\/2020\/10\/aether02_cover.jpg\" \/>\n\t<meta property=\"og:image:width\" content=\"2200\" \/>\n\t<meta property=\"og:image:height\" content=\"2200\" \/>\n\t<meta property=\"og:image:type\" content=\"image\/jpeg\" \/>\n<meta name=\"twitter:card\" content=\"summary_large_image\" \/>\n<meta name=\"twitter:image\" content=\"https:\/\/intercomverlag.ch\/wordpress\/wp-content\/uploads\/2020\/10\/aether02_cover.jpg\" \/>\n<meta name=\"twitter:site\" content=\"@intercomverlag\" \/>\n<script type=\"application\/ld+json\" class=\"yoast-schema-graph\">{\"@context\":\"https:\/\/schema.org\",\"@graph\":[{\"@type\":\"WebPage\",\"@id\":\"https:\/\/intercomverlag.ch\/en\/product\/aether-02-archive-des-aktivismus-schweizer-trotzkistinnen-im-kalten-krieg\/\",\"url\":\"https:\/\/intercomverlag.ch\/en\/product\/aether-02-archive-des-aktivismus-schweizer-trotzkistinnen-im-kalten-krieg\/\",\"name\":\"\u00c6ther 02 \u2013 Archive des Aktivismus: Schweizer Trotzkist*innen im Kalten Krieg - intercomverlag - Nachl\u00e4sse und Archive des Trotzkismus\",\"isPartOf\":{\"@id\":\"https:\/\/intercomverlag.ch\/#website\"},\"datePublished\":\"2020-10-01T08:22:08+00:00\",\"dateModified\":\"2024-11-05T17:02:30+00:00\",\"description\":\"\u00c6ther 02 widmet sich den Nachl\u00e4ssen und Archiven der trotzkistischen Bewegung in der Schweiz w\u00e4hrend des Kalten Kriegs. Diese zeugen von umtriebigen Leben, vom Wirken von Kleinstorganisationen, von Desillusionierung und dem Traum einer besseren Welt; sie erz\u00e4hlen von K\u00fchlschrank-Herstellern, Publizisten und der Bewegung gegen die atomare Aufr\u00fcstung.\",\"breadcrumb\":{\"@id\":\"https:\/\/intercomverlag.ch\/en\/product\/aether-02-archive-des-aktivismus-schweizer-trotzkistinnen-im-kalten-krieg\/#breadcrumb\"},\"inLanguage\":\"en-US\",\"potentialAction\":[{\"@type\":\"ReadAction\",\"target\":[\"https:\/\/intercomverlag.ch\/en\/product\/aether-02-archive-des-aktivismus-schweizer-trotzkistinnen-im-kalten-krieg\/\"]}]},{\"@type\":\"BreadcrumbList\",\"@id\":\"https:\/\/intercomverlag.ch\/en\/product\/aether-02-archive-des-aktivismus-schweizer-trotzkistinnen-im-kalten-krieg\/#breadcrumb\",\"itemListElement\":[{\"@type\":\"ListItem\",\"position\":1,\"name\":\"Home\",\"item\":\"https:\/\/intercomverlag.ch\/en\/shop-2\/\"},{\"@type\":\"ListItem\",\"position\":2,\"name\":\"Shop\",\"item\":\"https:\/\/intercomverlag.ch\/en\/shop-2\/\"},{\"@type\":\"ListItem\",\"position\":3,\"name\":\"\u00c6ther 02 \u2013 Archive des Aktivismus: Schweizer Trotzkist*innen im Kalten Krieg\"}]},{\"@type\":\"WebSite\",\"@id\":\"https:\/\/intercomverlag.ch\/#website\",\"url\":\"https:\/\/intercomverlag.ch\/\",\"name\":\"intercomverlag\",\"description\":\"scholar-led publisher\",\"publisher\":{\"@id\":\"https:\/\/intercomverlag.ch\/#organization\"},\"alternateName\":\"intercom\",\"potentialAction\":[{\"@type\":\"SearchAction\",\"target\":{\"@type\":\"EntryPoint\",\"urlTemplate\":\"https:\/\/intercomverlag.ch\/?s={search_term_string}\"},\"query-input\":\"required name=search_term_string\"}],\"inLanguage\":\"en-US\"},{\"@type\":\"Organization\",\"@id\":\"https:\/\/intercomverlag.ch\/#organization\",\"name\":\"intercomverlag\",\"alternateName\":\"intercom\",\"url\":\"https:\/\/intercomverlag.ch\/\",\"logo\":{\"@type\":\"ImageObject\",\"inLanguage\":\"en-US\",\"@id\":\"https:\/\/intercomverlag.ch\/#\/schema\/logo\/image\/\",\"url\":\"https:\/\/intercomverlag.ch\/wordpress\/wp-content\/uploads\/2024\/10\/Seite_2.jpg\",\"contentUrl\":\"https:\/\/intercomverlag.ch\/wordpress\/wp-content\/uploads\/2024\/10\/Seite_2.jpg\",\"width\":1170,\"height\":1654,\"caption\":\"intercomverlag\"},\"image\":{\"@id\":\"https:\/\/intercomverlag.ch\/#\/schema\/logo\/image\/\"},\"sameAs\":[\"https:\/\/twitter.com\/intercomverlag\",\"https:\/\/bsky.app\/profile\/intercomverlag.bsky.social\",\"https:\/\/www.instagram.com\/intercomverlag\/\"]}]}<\/script>\n<!-- \/ Yoast SEO plugin. -->","yoast_head_json":{"title":"\u00c6ther 02 \u2013 Archive des Aktivismus: Schweizer Trotzkist*innen im Kalten Krieg - intercomverlag - Nachl\u00e4sse und Archive des Trotzkismus","description":"\u00c6ther 02 widmet sich den Nachl\u00e4ssen und Archiven der trotzkistischen Bewegung in der Schweiz w\u00e4hrend des Kalten Kriegs. Diese zeugen von umtriebigen Leben, vom Wirken von Kleinstorganisationen, von Desillusionierung und dem Traum einer besseren Welt; sie erz\u00e4hlen von K\u00fchlschrank-Herstellern, Publizisten und der Bewegung gegen die atomare Aufr\u00fcstung.","robots":{"index":"index","follow":"follow","max-snippet":"max-snippet:-1","max-image-preview":"max-image-preview:large","max-video-preview":"max-video-preview:-1"},"canonical":"https:\/\/intercomverlag.ch\/en\/product\/aether-02-archive-des-aktivismus-schweizer-trotzkistinnen-im-kalten-krieg\/","og_locale":"en_US","og_type":"article","og_title":"\u00c6ther 02 \u2013 Archive des Aktivismus: Schweizer Trotzkist*innen im Kalten Krieg - intercomverlag - Nachl\u00e4sse und Archive des Trotzkismus","og_description":"\u00c6ther 02 widmet sich den Nachl\u00e4ssen und Archiven der trotzkistischen Bewegung in der Schweiz w\u00e4hrend des Kalten Kriegs. Diese zeugen von umtriebigen Leben, vom Wirken von Kleinstorganisationen, von Desillusionierung und dem Traum einer besseren Welt; sie erz\u00e4hlen von K\u00fchlschrank-Herstellern, Publizisten und der Bewegung gegen die atomare Aufr\u00fcstung.","og_url":"https:\/\/intercomverlag.ch\/en\/product\/aether-02-archive-des-aktivismus-schweizer-trotzkistinnen-im-kalten-krieg\/","og_site_name":"intercomverlag","article_modified_time":"2024-11-05T17:02:30+00:00","og_image":[{"width":2200,"height":2200,"url":"http:\/\/intercomverlag.ch\/wordpress\/wp-content\/uploads\/2020\/10\/aether02_cover.jpg","type":"image\/jpeg"}],"twitter_card":"summary_large_image","twitter_image":"https:\/\/intercomverlag.ch\/wordpress\/wp-content\/uploads\/2020\/10\/aether02_cover.jpg","twitter_site":"@intercomverlag","schema":{"@context":"https:\/\/schema.org","@graph":[{"@type":"WebPage","@id":"https:\/\/intercomverlag.ch\/en\/product\/aether-02-archive-des-aktivismus-schweizer-trotzkistinnen-im-kalten-krieg\/","url":"https:\/\/intercomverlag.ch\/en\/product\/aether-02-archive-des-aktivismus-schweizer-trotzkistinnen-im-kalten-krieg\/","name":"\u00c6ther 02 \u2013 Archive des Aktivismus: Schweizer Trotzkist*innen im Kalten Krieg - intercomverlag - Nachl\u00e4sse und Archive des Trotzkismus","isPartOf":{"@id":"https:\/\/intercomverlag.ch\/#website"},"datePublished":"2020-10-01T08:22:08+00:00","dateModified":"2024-11-05T17:02:30+00:00","description":"\u00c6ther 02 widmet sich den Nachl\u00e4ssen und Archiven der trotzkistischen Bewegung in der Schweiz w\u00e4hrend des Kalten Kriegs. Diese zeugen von umtriebigen Leben, vom Wirken von Kleinstorganisationen, von Desillusionierung und dem Traum einer besseren Welt; sie erz\u00e4hlen von K\u00fchlschrank-Herstellern, Publizisten und der Bewegung gegen die atomare Aufr\u00fcstung.","breadcrumb":{"@id":"https:\/\/intercomverlag.ch\/en\/product\/aether-02-archive-des-aktivismus-schweizer-trotzkistinnen-im-kalten-krieg\/#breadcrumb"},"inLanguage":"en-US","potentialAction":[{"@type":"ReadAction","target":["https:\/\/intercomverlag.ch\/en\/product\/aether-02-archive-des-aktivismus-schweizer-trotzkistinnen-im-kalten-krieg\/"]}]},{"@type":"BreadcrumbList","@id":"https:\/\/intercomverlag.ch\/en\/product\/aether-02-archive-des-aktivismus-schweizer-trotzkistinnen-im-kalten-krieg\/#breadcrumb","itemListElement":[{"@type":"ListItem","position":1,"name":"Home","item":"https:\/\/intercomverlag.ch\/en\/shop-2\/"},{"@type":"ListItem","position":2,"name":"Shop","item":"https:\/\/intercomverlag.ch\/en\/shop-2\/"},{"@type":"ListItem","position":3,"name":"\u00c6ther 02 \u2013 Archive des Aktivismus: Schweizer Trotzkist*innen im Kalten Krieg"}]},{"@type":"WebSite","@id":"https:\/\/intercomverlag.ch\/#website","url":"https:\/\/intercomverlag.ch\/","name":"intercomverlag","description":"scholar-led publisher","publisher":{"@id":"https:\/\/intercomverlag.ch\/#organization"},"alternateName":"intercom","potentialAction":[{"@type":"SearchAction","target":{"@type":"EntryPoint","urlTemplate":"https:\/\/intercomverlag.ch\/?s={search_term_string}"},"query-input":"required name=search_term_string"}],"inLanguage":"en-US"},{"@type":"Organization","@id":"https:\/\/intercomverlag.ch\/#organization","name":"intercomverlag","alternateName":"intercom","url":"https:\/\/intercomverlag.ch\/","logo":{"@type":"ImageObject","inLanguage":"en-US","@id":"https:\/\/intercomverlag.ch\/#\/schema\/logo\/image\/","url":"https:\/\/intercomverlag.ch\/wordpress\/wp-content\/uploads\/2024\/10\/Seite_2.jpg","contentUrl":"https:\/\/intercomverlag.ch\/wordpress\/wp-content\/uploads\/2024\/10\/Seite_2.jpg","width":1170,"height":1654,"caption":"intercomverlag"},"image":{"@id":"https:\/\/intercomverlag.ch\/#\/schema\/logo\/image\/"},"sameAs":["https:\/\/twitter.com\/intercomverlag","https:\/\/bsky.app\/profile\/intercomverlag.bsky.social","https:\/\/www.instagram.com\/intercomverlag\/"]}]}},"jetpack_sharing_enabled":true,"_links":{"self":[{"href":"https:\/\/intercomverlag.ch\/en\/wp-json\/wp\/v2\/product\/1206"}],"collection":[{"href":"https:\/\/intercomverlag.ch\/en\/wp-json\/wp\/v2\/product"}],"about":[{"href":"https:\/\/intercomverlag.ch\/en\/wp-json\/wp\/v2\/types\/product"}],"wp:attachment":[{"href":"https:\/\/intercomverlag.ch\/en\/wp-json\/wp\/v2\/media?parent=1206"}],"wp:term":[{"taxonomy":"product_cat","embeddable":true,"href":"https:\/\/intercomverlag.ch\/en\/wp-json\/wp\/v2\/product_cat?post=1206"},{"taxonomy":"product_tag","embeddable":true,"href":"https:\/\/intercomverlag.ch\/en\/wp-json\/wp\/v2\/product_tag?post=1206"}],"curies":[{"name":"wp","href":"https:\/\/api.w.org\/{rel}","templated":true}]}}