{"id":1205,"date":"2020-09-30T10:22:24","date_gmt":"2020-09-30T10:22:24","guid":{"rendered":"https:\/\/intercomverlag.ch\/product\/aether-01-flughafen-kloten-anatomie-eines-komplizierten-ortes\/"},"modified":"2024-11-05T17:01:14","modified_gmt":"2024-11-05T17:01:14","slug":"aether-01-flughafen-kloten-anatomie-eines-komplizierten-ortes","status":"publish","type":"product","link":"https:\/\/intercomverlag.ch\/en\/product\/aether-01-flughafen-kloten-anatomie-eines-komplizierten-ortes\/","title":{"rendered":"\u00c6ther 01 \u2013 Flughafen Kloten: Anatomie eines komplizierten Ortes"},"content":{"rendered":"","protected":false},"excerpt":{"rendered":"<p>\u00c6ther 01 examines Zurich Airport as a \u201ccomplicated place\u201d \u2013 a site where technology and nature, economy, society and science intersect. Published in German.<\/p>\n","protected":false},"featured_media":0,"template":"","meta":[],"product_cat":[27],"product_tag":[],"acf":[],"yoast_head":"<!-- This site is optimized with the Yoast SEO plugin v21.3 - https:\/\/yoast.com\/wordpress\/plugins\/seo\/ -->\n<title>\u00c6ther 01 \u2013 Flughafen Kloten: Anatomie eines komplizierten Ortes - intercomverlag - Flugh\u00e4fen wie Z\u00fcrich-Kloten...<\/title>\n<meta name=\"description\" content=\"Flugh\u00e4fen stehen f\u00fcr Mobilit\u00e4t, flows, Geschichtslosigkeit, Kommerz. Tats\u00e4chlich sind sie auf vielf\u00e4ltige Weise mit ihrer Umwelt verflochten, denn sie sind komplexe Gef\u00fcge, in denen sich Technik und Natur, Wissenschaft, Wirtschaft und Gesellschaft, Vergangenheit und Zukunft vermengen. \u00c6ther 01 untersucht einen solchen komplizierten Ort: den Flughafen Z\u00fcrich-Kloten.\" \/>\n<meta name=\"robots\" content=\"index, follow, max-snippet:-1, max-image-preview:large, max-video-preview:-1\" \/>\n<link rel=\"canonical\" href=\"https:\/\/intercomverlag.ch\/en\/product\/aether-01-flughafen-kloten-anatomie-eines-komplizierten-ortes\/\" \/>\n<meta property=\"og:locale\" content=\"en_US\" \/>\n<meta property=\"og:type\" content=\"article\" \/>\n<meta property=\"og:title\" content=\"\u00c6ther 01 \u2013 Flughafen Kloten: Anatomie eines komplizierten Ortes - intercomverlag - Flugh\u00e4fen wie Z\u00fcrich-Kloten...\" \/>\n<meta property=\"og:description\" content=\"Flugh\u00e4fen stehen f\u00fcr Mobilit\u00e4t, flows, Geschichtslosigkeit, Kommerz. Tats\u00e4chlich sind sie auf vielf\u00e4ltige Weise mit ihrer Umwelt verflochten, denn sie sind komplexe Gef\u00fcge, in denen sich Technik und Natur, Wissenschaft, Wirtschaft und Gesellschaft, Vergangenheit und Zukunft vermengen. \u00c6ther 01 untersucht einen solchen komplizierten Ort: den Flughafen Z\u00fcrich-Kloten.\" \/>\n<meta property=\"og:url\" content=\"https:\/\/intercomverlag.ch\/en\/product\/aether-01-flughafen-kloten-anatomie-eines-komplizierten-ortes\/\" \/>\n<meta property=\"og:site_name\" content=\"intercomverlag\" \/>\n<meta property=\"article:modified_time\" content=\"2024-11-05T17:01:14+00:00\" \/>\n<meta property=\"og:image\" content=\"http:\/\/intercomverlag.ch\/wordpress\/wp-content\/uploads\/2020\/09\/aether_01_cover.jpg\" \/>\n\t<meta property=\"og:image:width\" content=\"2200\" \/>\n\t<meta property=\"og:image:height\" content=\"2200\" \/>\n\t<meta property=\"og:image:type\" content=\"image\/jpeg\" \/>\n<meta name=\"twitter:card\" content=\"summary_large_image\" \/>\n<meta name=\"twitter:image\" content=\"https:\/\/intercomverlag.ch\/wordpress\/wp-content\/uploads\/2020\/09\/aether_01_cover.jpg\" \/>\n<meta name=\"twitter:site\" content=\"@intercomverlag\" \/>\n<script type=\"application\/ld+json\" class=\"yoast-schema-graph\">{\"@context\":\"https:\/\/schema.org\",\"@graph\":[{\"@type\":\"WebPage\",\"@id\":\"https:\/\/intercomverlag.ch\/en\/product\/aether-01-flughafen-kloten-anatomie-eines-komplizierten-ortes\/\",\"url\":\"https:\/\/intercomverlag.ch\/en\/product\/aether-01-flughafen-kloten-anatomie-eines-komplizierten-ortes\/\",\"name\":\"\u00c6ther 01 \u2013 Flughafen Kloten: Anatomie eines komplizierten Ortes - intercomverlag - Flugh\u00e4fen wie Z\u00fcrich-Kloten...\",\"isPartOf\":{\"@id\":\"https:\/\/intercomverlag.ch\/#website\"},\"datePublished\":\"2020-09-30T10:22:24+00:00\",\"dateModified\":\"2024-11-05T17:01:14+00:00\",\"description\":\"Flugh\u00e4fen stehen f\u00fcr Mobilit\u00e4t, flows, Geschichtslosigkeit, Kommerz. Tats\u00e4chlich sind sie auf vielf\u00e4ltige Weise mit ihrer Umwelt verflochten, denn sie sind komplexe Gef\u00fcge, in denen sich Technik und Natur, Wissenschaft, Wirtschaft und Gesellschaft, Vergangenheit und Zukunft vermengen. \u00c6ther 01 untersucht einen solchen komplizierten Ort: den Flughafen Z\u00fcrich-Kloten.\",\"breadcrumb\":{\"@id\":\"https:\/\/intercomverlag.ch\/en\/product\/aether-01-flughafen-kloten-anatomie-eines-komplizierten-ortes\/#breadcrumb\"},\"inLanguage\":\"en-US\",\"potentialAction\":[{\"@type\":\"ReadAction\",\"target\":[\"https:\/\/intercomverlag.ch\/en\/product\/aether-01-flughafen-kloten-anatomie-eines-komplizierten-ortes\/\"]}]},{\"@type\":\"BreadcrumbList\",\"@id\":\"https:\/\/intercomverlag.ch\/en\/product\/aether-01-flughafen-kloten-anatomie-eines-komplizierten-ortes\/#breadcrumb\",\"itemListElement\":[{\"@type\":\"ListItem\",\"position\":1,\"name\":\"Home\",\"item\":\"https:\/\/intercomverlag.ch\/en\/shop-2\/\"},{\"@type\":\"ListItem\",\"position\":2,\"name\":\"Shop\",\"item\":\"https:\/\/intercomverlag.ch\/en\/shop-2\/\"},{\"@type\":\"ListItem\",\"position\":3,\"name\":\"\u00c6ther 01 \u2013 Flughafen Kloten: Anatomie eines komplizierten Ortes\"}]},{\"@type\":\"WebSite\",\"@id\":\"https:\/\/intercomverlag.ch\/#website\",\"url\":\"https:\/\/intercomverlag.ch\/\",\"name\":\"intercomverlag\",\"description\":\"scholar-led publisher\",\"publisher\":{\"@id\":\"https:\/\/intercomverlag.ch\/#organization\"},\"alternateName\":\"intercom\",\"potentialAction\":[{\"@type\":\"SearchAction\",\"target\":{\"@type\":\"EntryPoint\",\"urlTemplate\":\"https:\/\/intercomverlag.ch\/?s={search_term_string}\"},\"query-input\":\"required name=search_term_string\"}],\"inLanguage\":\"en-US\"},{\"@type\":\"Organization\",\"@id\":\"https:\/\/intercomverlag.ch\/#organization\",\"name\":\"intercomverlag\",\"alternateName\":\"intercom\",\"url\":\"https:\/\/intercomverlag.ch\/\",\"logo\":{\"@type\":\"ImageObject\",\"inLanguage\":\"en-US\",\"@id\":\"https:\/\/intercomverlag.ch\/#\/schema\/logo\/image\/\",\"url\":\"https:\/\/intercomverlag.ch\/wordpress\/wp-content\/uploads\/2024\/10\/Seite_2.jpg\",\"contentUrl\":\"https:\/\/intercomverlag.ch\/wordpress\/wp-content\/uploads\/2024\/10\/Seite_2.jpg\",\"width\":1170,\"height\":1654,\"caption\":\"intercomverlag\"},\"image\":{\"@id\":\"https:\/\/intercomverlag.ch\/#\/schema\/logo\/image\/\"},\"sameAs\":[\"https:\/\/twitter.com\/intercomverlag\",\"https:\/\/bsky.app\/profile\/intercomverlag.bsky.social\",\"https:\/\/www.instagram.com\/intercomverlag\/\"]}]}<\/script>\n<!-- \/ Yoast SEO plugin. -->","yoast_head_json":{"title":"\u00c6ther 01 \u2013 Flughafen Kloten: Anatomie eines komplizierten Ortes - intercomverlag - Flugh\u00e4fen wie Z\u00fcrich-Kloten...","description":"Flugh\u00e4fen stehen f\u00fcr Mobilit\u00e4t, flows, Geschichtslosigkeit, Kommerz. Tats\u00e4chlich sind sie auf vielf\u00e4ltige Weise mit ihrer Umwelt verflochten, denn sie sind komplexe Gef\u00fcge, in denen sich Technik und Natur, Wissenschaft, Wirtschaft und Gesellschaft, Vergangenheit und Zukunft vermengen. \u00c6ther 01 untersucht einen solchen komplizierten Ort: den Flughafen Z\u00fcrich-Kloten.","robots":{"index":"index","follow":"follow","max-snippet":"max-snippet:-1","max-image-preview":"max-image-preview:large","max-video-preview":"max-video-preview:-1"},"canonical":"https:\/\/intercomverlag.ch\/en\/product\/aether-01-flughafen-kloten-anatomie-eines-komplizierten-ortes\/","og_locale":"en_US","og_type":"article","og_title":"\u00c6ther 01 \u2013 Flughafen Kloten: Anatomie eines komplizierten Ortes - intercomverlag - Flugh\u00e4fen wie Z\u00fcrich-Kloten...","og_description":"Flugh\u00e4fen stehen f\u00fcr Mobilit\u00e4t, flows, Geschichtslosigkeit, Kommerz. Tats\u00e4chlich sind sie auf vielf\u00e4ltige Weise mit ihrer Umwelt verflochten, denn sie sind komplexe Gef\u00fcge, in denen sich Technik und Natur, Wissenschaft, Wirtschaft und Gesellschaft, Vergangenheit und Zukunft vermengen. \u00c6ther 01 untersucht einen solchen komplizierten Ort: den Flughafen Z\u00fcrich-Kloten.","og_url":"https:\/\/intercomverlag.ch\/en\/product\/aether-01-flughafen-kloten-anatomie-eines-komplizierten-ortes\/","og_site_name":"intercomverlag","article_modified_time":"2024-11-05T17:01:14+00:00","og_image":[{"width":2200,"height":2200,"url":"http:\/\/intercomverlag.ch\/wordpress\/wp-content\/uploads\/2020\/09\/aether_01_cover.jpg","type":"image\/jpeg"}],"twitter_card":"summary_large_image","twitter_image":"https:\/\/intercomverlag.ch\/wordpress\/wp-content\/uploads\/2020\/09\/aether_01_cover.jpg","twitter_site":"@intercomverlag","schema":{"@context":"https:\/\/schema.org","@graph":[{"@type":"WebPage","@id":"https:\/\/intercomverlag.ch\/en\/product\/aether-01-flughafen-kloten-anatomie-eines-komplizierten-ortes\/","url":"https:\/\/intercomverlag.ch\/en\/product\/aether-01-flughafen-kloten-anatomie-eines-komplizierten-ortes\/","name":"\u00c6ther 01 \u2013 Flughafen Kloten: Anatomie eines komplizierten Ortes - intercomverlag - Flugh\u00e4fen wie Z\u00fcrich-Kloten...","isPartOf":{"@id":"https:\/\/intercomverlag.ch\/#website"},"datePublished":"2020-09-30T10:22:24+00:00","dateModified":"2024-11-05T17:01:14+00:00","description":"Flugh\u00e4fen stehen f\u00fcr Mobilit\u00e4t, flows, Geschichtslosigkeit, Kommerz. Tats\u00e4chlich sind sie auf vielf\u00e4ltige Weise mit ihrer Umwelt verflochten, denn sie sind komplexe Gef\u00fcge, in denen sich Technik und Natur, Wissenschaft, Wirtschaft und Gesellschaft, Vergangenheit und Zukunft vermengen. \u00c6ther 01 untersucht einen solchen komplizierten Ort: den Flughafen Z\u00fcrich-Kloten.","breadcrumb":{"@id":"https:\/\/intercomverlag.ch\/en\/product\/aether-01-flughafen-kloten-anatomie-eines-komplizierten-ortes\/#breadcrumb"},"inLanguage":"en-US","potentialAction":[{"@type":"ReadAction","target":["https:\/\/intercomverlag.ch\/en\/product\/aether-01-flughafen-kloten-anatomie-eines-komplizierten-ortes\/"]}]},{"@type":"BreadcrumbList","@id":"https:\/\/intercomverlag.ch\/en\/product\/aether-01-flughafen-kloten-anatomie-eines-komplizierten-ortes\/#breadcrumb","itemListElement":[{"@type":"ListItem","position":1,"name":"Home","item":"https:\/\/intercomverlag.ch\/en\/shop-2\/"},{"@type":"ListItem","position":2,"name":"Shop","item":"https:\/\/intercomverlag.ch\/en\/shop-2\/"},{"@type":"ListItem","position":3,"name":"\u00c6ther 01 \u2013 Flughafen Kloten: Anatomie eines komplizierten Ortes"}]},{"@type":"WebSite","@id":"https:\/\/intercomverlag.ch\/#website","url":"https:\/\/intercomverlag.ch\/","name":"intercomverlag","description":"scholar-led publisher","publisher":{"@id":"https:\/\/intercomverlag.ch\/#organization"},"alternateName":"intercom","potentialAction":[{"@type":"SearchAction","target":{"@type":"EntryPoint","urlTemplate":"https:\/\/intercomverlag.ch\/?s={search_term_string}"},"query-input":"required name=search_term_string"}],"inLanguage":"en-US"},{"@type":"Organization","@id":"https:\/\/intercomverlag.ch\/#organization","name":"intercomverlag","alternateName":"intercom","url":"https:\/\/intercomverlag.ch\/","logo":{"@type":"ImageObject","inLanguage":"en-US","@id":"https:\/\/intercomverlag.ch\/#\/schema\/logo\/image\/","url":"https:\/\/intercomverlag.ch\/wordpress\/wp-content\/uploads\/2024\/10\/Seite_2.jpg","contentUrl":"https:\/\/intercomverlag.ch\/wordpress\/wp-content\/uploads\/2024\/10\/Seite_2.jpg","width":1170,"height":1654,"caption":"intercomverlag"},"image":{"@id":"https:\/\/intercomverlag.ch\/#\/schema\/logo\/image\/"},"sameAs":["https:\/\/twitter.com\/intercomverlag","https:\/\/bsky.app\/profile\/intercomverlag.bsky.social","https:\/\/www.instagram.com\/intercomverlag\/"]}]}},"jetpack_sharing_enabled":true,"_links":{"self":[{"href":"https:\/\/intercomverlag.ch\/en\/wp-json\/wp\/v2\/product\/1205"}],"collection":[{"href":"https:\/\/intercomverlag.ch\/en\/wp-json\/wp\/v2\/product"}],"about":[{"href":"https:\/\/intercomverlag.ch\/en\/wp-json\/wp\/v2\/types\/product"}],"wp:attachment":[{"href":"https:\/\/intercomverlag.ch\/en\/wp-json\/wp\/v2\/media?parent=1205"}],"wp:term":[{"taxonomy":"product_cat","embeddable":true,"href":"https:\/\/intercomverlag.ch\/en\/wp-json\/wp\/v2\/product_cat?post=1205"},{"taxonomy":"product_tag","embeddable":true,"href":"https:\/\/intercomverlag.ch\/en\/wp-json\/wp\/v2\/product_tag?post=1205"}],"curies":[{"name":"wp","href":"https:\/\/api.w.org\/{rel}","templated":true}]}}