{"id":1202,"date":"2021-09-05T21:22:57","date_gmt":"2021-09-05T21:22:57","guid":{"rendered":"https:\/\/intercomverlag.ch\/product\/aether-05-was-ist-universitat-zwolf-antworten-aus-basel\/"},"modified":"2024-11-01T15:45:18","modified_gmt":"2024-11-01T15:45:18","slug":"aether-05-was-ist-universitat-zwolf-antworten-aus-basel","status":"publish","type":"product","link":"https:\/\/intercomverlag.ch\/en\/product\/aether-05-was-ist-universitat-zwolf-antworten-aus-basel\/","title":{"rendered":"\u00c6ther 05 \u2013 Was ist Universit\u00e4t? Zw\u00f6lf Antworten aus Basel"},"content":{"rendered":"","protected":false},"excerpt":{"rendered":"<p>Die Universit\u00e4t ist nicht nur eine Idee und ein Campus, ihre Geschichte nicht nur die Geschichte von Professor*innen und Bildungsreformen. Am Beispiel Basels stellt \u00c6ther #5 die Frage nach der Universit\u00e4t als Frage nach der Geschichte der Medien und Architekturen, des Personals und den Mikropolitiken, die unser akademisches Tun pr\u00e4gen.<\/p>\n","protected":false},"featured_media":0,"template":"","meta":[],"product_cat":[27],"product_tag":[],"acf":[],"yoast_head":"<!-- This site is optimized with the Yoast SEO plugin v21.3 - https:\/\/yoast.com\/wordpress\/plugins\/seo\/ -->\n<title>\u00c6ther 05 \u2013 Was ist Universit\u00e4t? Zw\u00f6lf Antworten aus Basel - intercomverlag<\/title>\n<meta name=\"robots\" content=\"index, follow, max-snippet:-1, max-image-preview:large, max-video-preview:-1\" \/>\n<link rel=\"canonical\" href=\"https:\/\/intercomverlag.ch\/en\/product\/aether-05-was-ist-universitat-zwolf-antworten-aus-basel\/\" \/>\n<meta property=\"og:locale\" content=\"en_US\" \/>\n<meta property=\"og:type\" content=\"article\" \/>\n<meta property=\"og:title\" content=\"\u00c6ther 05 \u2013 Was ist Universit\u00e4t? Zw\u00f6lf Antworten aus Basel - intercomverlag\" \/>\n<meta property=\"og:description\" content=\"Die Universit\u00e4t ist nicht nur eine Idee und ein Campus, ihre Geschichte nicht nur die Geschichte von Professor*innen und Bildungsreformen. Am Beispiel Basels stellt \u00c6ther #5 die Frage nach der Universit\u00e4t als Frage nach der Geschichte der Medien und Architekturen, des Personals und den Mikropolitiken, die unser akademisches Tun pr\u00e4gen.\" \/>\n<meta property=\"og:url\" content=\"https:\/\/intercomverlag.ch\/en\/product\/aether-05-was-ist-universitat-zwolf-antworten-aus-basel\/\" \/>\n<meta property=\"og:site_name\" content=\"intercomverlag\" \/>\n<meta property=\"article:modified_time\" content=\"2024-11-01T15:45:18+00:00\" \/>\n<meta property=\"og:image\" content=\"https:\/\/intercomverlag.ch\/wordpress\/wp-content\/uploads\/2024\/11\/intercomverlag_1200x675px.jpeg\" \/>\n\t<meta property=\"og:image:width\" content=\"640\" \/>\n\t<meta property=\"og:image:height\" content=\"360\" \/>\n\t<meta property=\"og:image:type\" content=\"image\/jpeg\" \/>\n<meta name=\"twitter:card\" content=\"summary_large_image\" \/>\n<meta name=\"twitter:site\" content=\"@intercomverlag\" \/>\n<script type=\"application\/ld+json\" class=\"yoast-schema-graph\">{\"@context\":\"https:\/\/schema.org\",\"@graph\":[{\"@type\":\"WebPage\",\"@id\":\"https:\/\/intercomverlag.ch\/en\/product\/aether-05-was-ist-universitat-zwolf-antworten-aus-basel\/\",\"url\":\"https:\/\/intercomverlag.ch\/en\/product\/aether-05-was-ist-universitat-zwolf-antworten-aus-basel\/\",\"name\":\"\u00c6ther 05 \u2013 Was ist Universit\u00e4t? Zw\u00f6lf Antworten aus Basel - intercomverlag\",\"isPartOf\":{\"@id\":\"https:\/\/intercomverlag.ch\/#website\"},\"datePublished\":\"2021-09-05T21:22:57+00:00\",\"dateModified\":\"2024-11-01T15:45:18+00:00\",\"breadcrumb\":{\"@id\":\"https:\/\/intercomverlag.ch\/en\/product\/aether-05-was-ist-universitat-zwolf-antworten-aus-basel\/#breadcrumb\"},\"inLanguage\":\"en-US\",\"potentialAction\":[{\"@type\":\"ReadAction\",\"target\":[\"https:\/\/intercomverlag.ch\/en\/product\/aether-05-was-ist-universitat-zwolf-antworten-aus-basel\/\"]}]},{\"@type\":\"BreadcrumbList\",\"@id\":\"https:\/\/intercomverlag.ch\/en\/product\/aether-05-was-ist-universitat-zwolf-antworten-aus-basel\/#breadcrumb\",\"itemListElement\":[{\"@type\":\"ListItem\",\"position\":1,\"name\":\"Home\",\"item\":\"https:\/\/intercomverlag.ch\/en\/shop-2\/\"},{\"@type\":\"ListItem\",\"position\":2,\"name\":\"Shop\",\"item\":\"https:\/\/intercomverlag.ch\/en\/shop-2\/\"},{\"@type\":\"ListItem\",\"position\":3,\"name\":\"\u00c6ther 05 \u2013 Was ist Universit\u00e4t? Zw\u00f6lf Antworten aus Basel\"}]},{\"@type\":\"WebSite\",\"@id\":\"https:\/\/intercomverlag.ch\/#website\",\"url\":\"https:\/\/intercomverlag.ch\/\",\"name\":\"intercomverlag\",\"description\":\"scholar-led publisher\",\"publisher\":{\"@id\":\"https:\/\/intercomverlag.ch\/#organization\"},\"alternateName\":\"intercom\",\"potentialAction\":[{\"@type\":\"SearchAction\",\"target\":{\"@type\":\"EntryPoint\",\"urlTemplate\":\"https:\/\/intercomverlag.ch\/?s={search_term_string}\"},\"query-input\":\"required name=search_term_string\"}],\"inLanguage\":\"en-US\"},{\"@type\":\"Organization\",\"@id\":\"https:\/\/intercomverlag.ch\/#organization\",\"name\":\"intercomverlag\",\"alternateName\":\"intercom\",\"url\":\"https:\/\/intercomverlag.ch\/\",\"logo\":{\"@type\":\"ImageObject\",\"inLanguage\":\"en-US\",\"@id\":\"https:\/\/intercomverlag.ch\/#\/schema\/logo\/image\/\",\"url\":\"https:\/\/intercomverlag.ch\/wordpress\/wp-content\/uploads\/2024\/10\/Seite_2.jpg\",\"contentUrl\":\"https:\/\/intercomverlag.ch\/wordpress\/wp-content\/uploads\/2024\/10\/Seite_2.jpg\",\"width\":1170,\"height\":1654,\"caption\":\"intercomverlag\"},\"image\":{\"@id\":\"https:\/\/intercomverlag.ch\/#\/schema\/logo\/image\/\"},\"sameAs\":[\"https:\/\/twitter.com\/intercomverlag\",\"https:\/\/bsky.app\/profile\/intercomverlag.bsky.social\",\"https:\/\/www.instagram.com\/intercomverlag\/\"]}]}<\/script>\n<!-- \/ Yoast SEO plugin. -->","yoast_head_json":{"title":"\u00c6ther 05 \u2013 Was ist Universit\u00e4t? Zw\u00f6lf Antworten aus Basel - intercomverlag","robots":{"index":"index","follow":"follow","max-snippet":"max-snippet:-1","max-image-preview":"max-image-preview:large","max-video-preview":"max-video-preview:-1"},"canonical":"https:\/\/intercomverlag.ch\/en\/product\/aether-05-was-ist-universitat-zwolf-antworten-aus-basel\/","og_locale":"en_US","og_type":"article","og_title":"\u00c6ther 05 \u2013 Was ist Universit\u00e4t? Zw\u00f6lf Antworten aus Basel - intercomverlag","og_description":"Die Universit\u00e4t ist nicht nur eine Idee und ein Campus, ihre Geschichte nicht nur die Geschichte von Professor*innen und Bildungsreformen. Am Beispiel Basels stellt \u00c6ther #5 die Frage nach der Universit\u00e4t als Frage nach der Geschichte der Medien und Architekturen, des Personals und den Mikropolitiken, die unser akademisches Tun pr\u00e4gen.","og_url":"https:\/\/intercomverlag.ch\/en\/product\/aether-05-was-ist-universitat-zwolf-antworten-aus-basel\/","og_site_name":"intercomverlag","article_modified_time":"2024-11-01T15:45:18+00:00","og_image":[{"width":640,"height":360,"url":"https:\/\/intercomverlag.ch\/wordpress\/wp-content\/uploads\/2024\/11\/intercomverlag_1200x675px.jpeg","type":"image\/jpeg"}],"twitter_card":"summary_large_image","twitter_site":"@intercomverlag","schema":{"@context":"https:\/\/schema.org","@graph":[{"@type":"WebPage","@id":"https:\/\/intercomverlag.ch\/en\/product\/aether-05-was-ist-universitat-zwolf-antworten-aus-basel\/","url":"https:\/\/intercomverlag.ch\/en\/product\/aether-05-was-ist-universitat-zwolf-antworten-aus-basel\/","name":"\u00c6ther 05 \u2013 Was ist Universit\u00e4t? Zw\u00f6lf Antworten aus Basel - intercomverlag","isPartOf":{"@id":"https:\/\/intercomverlag.ch\/#website"},"datePublished":"2021-09-05T21:22:57+00:00","dateModified":"2024-11-01T15:45:18+00:00","breadcrumb":{"@id":"https:\/\/intercomverlag.ch\/en\/product\/aether-05-was-ist-universitat-zwolf-antworten-aus-basel\/#breadcrumb"},"inLanguage":"en-US","potentialAction":[{"@type":"ReadAction","target":["https:\/\/intercomverlag.ch\/en\/product\/aether-05-was-ist-universitat-zwolf-antworten-aus-basel\/"]}]},{"@type":"BreadcrumbList","@id":"https:\/\/intercomverlag.ch\/en\/product\/aether-05-was-ist-universitat-zwolf-antworten-aus-basel\/#breadcrumb","itemListElement":[{"@type":"ListItem","position":1,"name":"Home","item":"https:\/\/intercomverlag.ch\/en\/shop-2\/"},{"@type":"ListItem","position":2,"name":"Shop","item":"https:\/\/intercomverlag.ch\/en\/shop-2\/"},{"@type":"ListItem","position":3,"name":"\u00c6ther 05 \u2013 Was ist Universit\u00e4t? Zw\u00f6lf Antworten aus Basel"}]},{"@type":"WebSite","@id":"https:\/\/intercomverlag.ch\/#website","url":"https:\/\/intercomverlag.ch\/","name":"intercomverlag","description":"scholar-led publisher","publisher":{"@id":"https:\/\/intercomverlag.ch\/#organization"},"alternateName":"intercom","potentialAction":[{"@type":"SearchAction","target":{"@type":"EntryPoint","urlTemplate":"https:\/\/intercomverlag.ch\/?s={search_term_string}"},"query-input":"required name=search_term_string"}],"inLanguage":"en-US"},{"@type":"Organization","@id":"https:\/\/intercomverlag.ch\/#organization","name":"intercomverlag","alternateName":"intercom","url":"https:\/\/intercomverlag.ch\/","logo":{"@type":"ImageObject","inLanguage":"en-US","@id":"https:\/\/intercomverlag.ch\/#\/schema\/logo\/image\/","url":"https:\/\/intercomverlag.ch\/wordpress\/wp-content\/uploads\/2024\/10\/Seite_2.jpg","contentUrl":"https:\/\/intercomverlag.ch\/wordpress\/wp-content\/uploads\/2024\/10\/Seite_2.jpg","width":1170,"height":1654,"caption":"intercomverlag"},"image":{"@id":"https:\/\/intercomverlag.ch\/#\/schema\/logo\/image\/"},"sameAs":["https:\/\/twitter.com\/intercomverlag","https:\/\/bsky.app\/profile\/intercomverlag.bsky.social","https:\/\/www.instagram.com\/intercomverlag\/"]}]}},"jetpack_sharing_enabled":true,"_links":{"self":[{"href":"https:\/\/intercomverlag.ch\/en\/wp-json\/wp\/v2\/product\/1202"}],"collection":[{"href":"https:\/\/intercomverlag.ch\/en\/wp-json\/wp\/v2\/product"}],"about":[{"href":"https:\/\/intercomverlag.ch\/en\/wp-json\/wp\/v2\/types\/product"}],"wp:attachment":[{"href":"https:\/\/intercomverlag.ch\/en\/wp-json\/wp\/v2\/media?parent=1202"}],"wp:term":[{"taxonomy":"product_cat","embeddable":true,"href":"https:\/\/intercomverlag.ch\/en\/wp-json\/wp\/v2\/product_cat?post=1202"},{"taxonomy":"product_tag","embeddable":true,"href":"https:\/\/intercomverlag.ch\/en\/wp-json\/wp\/v2\/product_tag?post=1202"}],"curies":[{"name":"wp","href":"https:\/\/api.w.org\/{rel}","templated":true}]}}